{"id":2713,"date":"2023-02-28T19:12:09","date_gmt":"2023-02-28T19:12:09","guid":{"rendered":"https:\/\/megustaobregon.com\/?page_id=2713"},"modified":"2023-03-08T20:42:05","modified_gmt":"2023-03-08T20:42:05","slug":"demo-1","status":"publish","type":"page","link":"https:\/\/megustaobregon.com\/index.php\/demo-1\/","title":{"rendered":"Laguna del Nainari"},"content":{"rendered":"<p>Calle Guerrero y Avenida Padre Eusebio Kino, Ciudad Obreg\u00f3n. Son.<\/p><p>La&nbsp;<strong>laguna del N\u00e1inari<\/strong>&nbsp;es una laguna artificial&nbsp;de 2 km de di\u00e1metro conectada a un canal de riego en el \u00e1rea oeste de&nbsp;Ciudad Obregon<\/p><p>Fue construida en el a\u00f1o de 1956, durante el trienio del presidente municipal Ren\u00e9 G\u00e1ndara Romo (1955-1958).\u200b<\/p><p>La laguna alberga numerosas especies de fauna acu\u00e1tica y atrae a muchas variedades diferentes de patos y aves. A menudo se pueden ver familias con ni\u00f1os que se congregan a lo largo de la orilla, para observar a cientos de patos, gansos, cisnes, tortugas y varias especies de peces que se han hecho a medida para los visitantes de la laguna.<\/p><p>Tambi\u00e9n hay venta de cocos que son una tradici\u00f3n consumir al visitar la laguna. Este lugar se encuentra al noroeste del Parque Infantil &#8220;Ostimuri&#8221; que es otro centro de entretenimiento familiar, en particular de los ni\u00f1os, aqu\u00ed hay juegos mec\u00e1nicos, zool\u00f3gico, refresquer\u00edas y puestos de comida.  <\/p><div class=\"wp-block-image\"><figure class=\"alignleft size-full\"><img fetchpriority=\"high\" decoding=\"async\" width=\"300\" height=\"168\" src=\"https:\/\/megustaobregon.com\/wp-content\/uploads\/2023\/03\/image-8.png\" alt=\"\" class=\"wp-image-2880\"\/><figcaption class=\"wp-element-caption\">Parque Ostimuri en Ciudad Obregon<\/figcaption><\/figure><\/div><p> Actualmente reconstruido se ha construido un segundo andador, un parque lineal, una tirolesa, un muelle flotante para pesca deportiva, fuentes danzantes y pantalla gigante de agua, cuenta con g\u00e9iseres de 30 y 50 metros de altura, que oxigenan el agua y adem\u00e1s son iluminados de noche brindando un espect\u00e1culo colorido al lago de aproximadamente dos km de di\u00e1metro, sin duda al visitar Ciudad Obreg\u00f3n la&nbsp;Laguna del N\u00e1inari&nbsp;conocida como la novia de Cajeme .<\/p>","protected":false},"excerpt":{"rendered":"<p>Calle Guerrero y Avenida Padre Eusebio Kino, Ciudad Obreg\u00f3n. Son. La&nbsp;laguna del N\u00e1inari&nbsp;es una laguna artificial&nbsp;de 2 km de di\u00e1metro conectada a un canal de riego en el \u00e1rea oeste de&nbsp;Ciudad Obregon Fue construida en el a\u00f1o de 1956, durante el trienio del presidente municipal Ren\u00e9 G\u00e1ndara Romo (1955-1958).\u200b La laguna alberga numerosas especies de fauna acu\u00e1tica y atrae a muchas variedades diferentes de patos y aves. A menudo se pueden ver familias con ni\u00f1os que se congregan a lo largo de la orilla, para observar a cientos de patos, gansos, cisnes, tortugas y varias especies de peces que se han hecho a medida para los visitantes de la laguna. Tambi\u00e9n hay venta de cocos que son una tradici\u00f3n consumir al visitar la laguna. Este lugar se encuentra al noroeste del Parque Infantil &#8220;Ostimuri&#8221; que es otro centro de entretenimiento familiar, en particular de los ni\u00f1os, aqu\u00ed hay juegos mec\u00e1nicos, zool\u00f3gico, refresquer\u00edas y puestos de comida. Actualmente reconstruido se ha construido un segundo andador, un parque lineal, una tirolesa, un muelle flotante para pesca deportiva, fuentes danzantes y pantalla gigante de agua, cuenta con g\u00e9iseres de 30 y 50 metros de altura, que oxigenan el agua y adem\u00e1s son iluminados de noche brindando un espect\u00e1culo colorido al lago de aproximadamente dos km de di\u00e1metro, sin duda al visitar Ciudad Obreg\u00f3n la&nbsp;Laguna del N\u00e1inari&nbsp;conocida como la novia de Cajeme .<\/p>\n","protected":false},"author":2,"featured_media":2741,"parent":0,"menu_order":0,"comment_status":"closed","ping_status":"closed","template":"","meta":{"footnotes":""},"class_list":["post-2713","page","type-page","status-publish","has-post-thumbnail","hentry"],"_links":{"self":[{"href":"https:\/\/megustaobregon.com\/index.php\/wp-json\/wp\/v2\/pages\/2713","targetHints":{"allow":["GET"]}}],"collection":[{"href":"https:\/\/megustaobregon.com\/index.php\/wp-json\/wp\/v2\/pages"}],"about":[{"href":"https:\/\/megustaobregon.com\/index.php\/wp-json\/wp\/v2\/types\/page"}],"author":[{"embeddable":true,"href":"https:\/\/megustaobregon.com\/index.php\/wp-json\/wp\/v2\/users\/2"}],"replies":[{"embeddable":true,"href":"https:\/\/megustaobregon.com\/index.php\/wp-json\/wp\/v2\/comments?post=2713"}],"version-history":[{"count":6,"href":"https:\/\/megustaobregon.com\/index.php\/wp-json\/wp\/v2\/pages\/2713\/revisions"}],"predecessor-version":[{"id":2885,"href":"https:\/\/megustaobregon.com\/index.php\/wp-json\/wp\/v2\/pages\/2713\/revisions\/2885"}],"wp:featuredmedia":[{"embeddable":true,"href":"https:\/\/megustaobregon.com\/index.php\/wp-json\/wp\/v2\/media\/2741"}],"wp:attachment":[{"href":"https:\/\/megustaobregon.com\/index.php\/wp-json\/wp\/v2\/media?parent=2713"}],"curies":[{"name":"wp","href":"https:\/\/api.w.org\/{rel}","templated":true}]}}