{"id":2715,"date":"2023-02-28T19:12:35","date_gmt":"2023-02-28T19:12:35","guid":{"rendered":"https:\/\/megustaobregon.com\/?page_id=2715"},"modified":"2023-03-08T20:37:45","modified_gmt":"2023-03-08T20:37:45","slug":"demo-2","status":"publish","type":"page","link":"https:\/\/megustaobregon.com\/index.php\/demo-2\/","title":{"rendered":"Avenida Miguel Alem\u00e1n"},"content":{"rendered":"<p>La avenida Miguel Alem\u00e1n es una de las principales avenidas de la ciudad, esta hermosa avenida que recorre desde la avenida Rodolfo El\u00edas Calles hasta la carretera internacional, cuenta con un sin fin de establecimientos y locales que pueden satisfacer todas tus necesidades que pudieses llegar a tener en una ciudad desconocida; desde restaurantes , centros nocturnos , boliche , billar , centros de atenci\u00f3n al cliente de diferentes empresas y un sin fin de lugares donde puedes cubrir alg\u00fan inconveniente que tengas o simplemente pasar un buen rato.<\/p><div class=\"wp-block-image\"><figure class=\"alignright size-full is-resized\"><img fetchpriority=\"high\" decoding=\"async\" src=\"https:\/\/megustaobregon.com\/wp-content\/uploads\/2023\/03\/Aleman-1.jpg\" alt=\"\" class=\"wp-image-2795\" width=\"486\" height=\"268\" srcset=\"https:\/\/megustaobregon.com\/wp-content\/uploads\/2023\/03\/Aleman-1.jpg 435w, https:\/\/megustaobregon.com\/wp-content\/uploads\/2023\/03\/Aleman-1-300x166.jpg 300w\" sizes=\"(max-width: 486px) 100vw, 486px\" \/><figcaption class=\"wp-element-caption\">AVENIDA MIGUEL ALEMAN DE NOCHE<\/figcaption><\/figure><\/div><p>Esta avenida por la noche es cuando mas se hace relucir , ya que por cualquier lado usted va encontrar hermosos establecimientos de cualquier giro , con anuncios luminosos y un ambiente tan vivo y despierto pareciera que esta recorriendo la misma Strip de Las Vegas.<\/p><p>A continuaci\u00f3n les presentamos algunos de los lugares que usted puede visitar en compa\u00f1\u00eda de su familia<\/p><ul class=\"wp-block-list\"><li><\/li><\/ul>","protected":false},"excerpt":{"rendered":"<p>La avenida Miguel Alem\u00e1n es una de las principales avenidas de la ciudad, esta hermosa avenida que recorre desde la avenida Rodolfo El\u00edas Calles hasta la carretera internacional, cuenta con un sin fin de establecimientos y locales que pueden satisfacer todas tus necesidades que pudieses llegar a tener en una ciudad desconocida; desde restaurantes , centros nocturnos , boliche , billar , centros de atenci\u00f3n al cliente de diferentes empresas y un sin fin de lugares donde puedes cubrir alg\u00fan inconveniente que tengas o simplemente pasar un buen rato. Esta avenida por la noche es cuando mas se hace relucir , ya que por cualquier lado usted va encontrar hermosos establecimientos de cualquier giro , con anuncios luminosos y un ambiente tan vivo y despierto pareciera que esta recorriendo la misma Strip de Las Vegas. A continuaci\u00f3n les presentamos algunos de los lugares que usted puede visitar en compa\u00f1\u00eda de su familia<\/p>\n","protected":false},"author":2,"featured_media":2743,"parent":0,"menu_order":0,"comment_status":"closed","ping_status":"closed","template":"","meta":{"footnotes":""},"class_list":["post-2715","page","type-page","status-publish","has-post-thumbnail","hentry"],"_links":{"self":[{"href":"https:\/\/megustaobregon.com\/index.php\/wp-json\/wp\/v2\/pages\/2715","targetHints":{"allow":["GET"]}}],"collection":[{"href":"https:\/\/megustaobregon.com\/index.php\/wp-json\/wp\/v2\/pages"}],"about":[{"href":"https:\/\/megustaobregon.com\/index.php\/wp-json\/wp\/v2\/types\/page"}],"author":[{"embeddable":true,"href":"https:\/\/megustaobregon.com\/index.php\/wp-json\/wp\/v2\/users\/2"}],"replies":[{"embeddable":true,"href":"https:\/\/megustaobregon.com\/index.php\/wp-json\/wp\/v2\/comments?post=2715"}],"version-history":[{"count":5,"href":"https:\/\/megustaobregon.com\/index.php\/wp-json\/wp\/v2\/pages\/2715\/revisions"}],"predecessor-version":[{"id":2798,"href":"https:\/\/megustaobregon.com\/index.php\/wp-json\/wp\/v2\/pages\/2715\/revisions\/2798"}],"wp:featuredmedia":[{"embeddable":true,"href":"https:\/\/megustaobregon.com\/index.php\/wp-json\/wp\/v2\/media\/2743"}],"wp:attachment":[{"href":"https:\/\/megustaobregon.com\/index.php\/wp-json\/wp\/v2\/media?parent=2715"}],"curies":[{"name":"wp","href":"https:\/\/api.w.org\/{rel}","templated":true}]}}