{"id":2768,"date":"2023-03-02T19:44:24","date_gmt":"2023-03-02T19:44:24","guid":{"rendered":"https:\/\/megustaobregon.com\/?page_id=2768"},"modified":"2023-04-25T04:09:24","modified_gmt":"2023-04-25T04:09:24","slug":"comida","status":"publish","type":"page","link":"https:\/\/megustaobregon.com\/index.php\/comida\/","title":{"rendered":"Comida"},"content":{"rendered":"<p>la comida se disfruta y se presume, tenemos la mejor!!!<\/p><p>Obreg\u00f3n es conocido por su deliciosa gastronom\u00eda y su innovaci\u00f3n en platillos , siempre buscando la mezcla de sabores que hagan explotar tu paladar. Tenemos de todo desde unos deliciosos huevos rancheros por la ma\u00f1ana en el restaurant de los Yaquis hasta unos exquisitos Dogos en cualquier esquina de Ciudad Obreg\u00f3n.<\/p><h2 class=\"wp-block-heading\">Platillos y comida Cajemense<\/h2><ul class=\"wp-block-list\"><li><strong>Wakabaki<\/strong><\/li><\/ul><p>La etnia Yaqui, una de las m\u00e1s numerosas de M\u00e9xico, en aprovechamiento de los elementos naturales, hered\u00f3 el wakabaki, un caldo que constituye un platillo tradicional que se prepara en sus festividades m\u00e1s importantes. Sus ingredientes son: garbanzo, costilla de res, calabaza, papa, repollo, zanahoria y ejote. Su preparaci\u00f3n comienza con el corte de la le\u00f1a y el sacrificio de la res.<\/p><ul class=\"wp-block-list\"><li><em><strong>Tortillas Sobaqueras<\/strong><\/em><\/li><\/ul><p> Las tortillas de harina llegaron a Sonora tra\u00eddas por los espa\u00f1oles, mismos que durante la dominaci\u00f3n \u00e1rabe aprendieron muchas formas de aprovechar el trigo, estas tortillas se conocen tambi\u00e9n como &#8220;sobaqueras&#8221; debido a la forma de elaboraci\u00f3n. <\/p><ul class=\"wp-block-list\"><li><strong>Cahuamanta<\/strong><\/li><\/ul><p>Plato t\u00edpico hecho a partir de mantarraya y camar\u00f3n, generalmente se prepara como caldo en el cual se agrega la carne de mantarraya, camarones y verduras. Se sirve el caldo en plato o se pueden preparar tacos de caguamanta, cuando se sirve el caldo solo se le llama &#8220;vichy&#8221;, en algunos lugares ese mismo caldo con camar\u00f3n es conocido como chucki. Su nombre deriva de la palabra caguama y mantarraya, originalmente este plato se preparaba de caguama pero a partir de la prohibici\u00f3n de la pesca de esta especie marina, se decidi\u00f3 sustituir la caguama por carne de mantarraya. Este platillo fue creado a finales del siglo XIX en Ciudad Obreg\u00f3n. <\/p><ul class=\"wp-block-list\"><li><strong>Hot Dog estilo Cajeme<\/strong><\/li><\/ul><p>El&nbsp;hotdog&nbsp;o &#8220;dogo&#8221; estilo Cajeme es una comida muy t\u00edpica de la regi\u00f3n, con combinaciones locales como por ejemplo con chile, tortilla de harina, salchicha para asar  y diferentes tipos de salsa picante . El hotdog de obreg\u00f3n es \u00fanico que hasta el mas m\u00ednimo detalle como el agua con el hace el pan hace que sepa diferente. Este platillo es el claro ejemplo de lo exuberancia de mezclas que podemos llegar a crear y que en cuestiones de gastronom\u00eda el cajemense siempre es muy innovador.<\/p><ul class=\"wp-block-list\"><li><strong>Coyotas<\/strong><\/li><\/ul><p>Galletas tradicionales del estado de Sonora. Estas son elaboradas con harina de trigo y rellenas de piloncillo. Las coyotas son similares al alfajor argentino, solo que estas son m\u00e1s delgadas y de di\u00e1metro mayor. En Obreg\u00f3n podr\u00e1 encontrar adem\u00e1s de las tradicionales hechas con piloncillo; coyotas de cajeta, leche con nuez, guayaba, chocolate, bavaria, fresa, pi\u00f1a, chabacano, zarzamora, mango y manzana.<\/p><ul class=\"wp-block-list\"><li><strong>Cecina<\/strong><\/li><\/ul><p>Tambi\u00e9n conocida como carne seca, es un tipo de carne deshidratada que se realiza de corte vacuno y durante temporada de venado se puede realizar de este animal tambi\u00e9n.<\/p><ul class=\"wp-block-list\"><li><strong>Bacanora<\/strong><\/li><\/ul><p>El famoso Bacanora es una bebida espirituosa; se elabora en Sonora, M\u00e9xico. Es un mezcal hecho 100% del jugo de la cabeza de maguey asado, fermentado y destilado. Bebida alcoh\u00f3lica muy tradicional en Cajeme por su fuerte sabor.<\/p><h2 class=\"wp-block-heading\">Restaurantes que debes visitar<\/h2><p><strong>Restarunt de los Yaquis<\/strong><\/p><p>En este podr\u00e1s degustar platillos t\u00edpicos de la etnia yaqui y muy usuales en la gastronom\u00eda cajemense con un ambientaci\u00f3n a las costumbres y cultura de las tribus.<\/p><div class=\"wp-block-image\"><figure class=\"alignleft size-full is-resized\"><img decoding=\"async\" src=\"https:\/\/megustaobregon.com\/wp-content\/uploads\/2023\/03\/image-14.png\" alt=\"\" class=\"wp-image-2934\" width=\"273\" height=\"170\"\/><\/figure><\/div>","protected":false},"excerpt":{"rendered":"<p>la comida se disfruta y se presume, tenemos la mejor!!! Obreg\u00f3n es conocido por su deliciosa gastronom\u00eda y su innovaci\u00f3n en platillos , siempre buscando la mezcla de sabores que hagan explotar tu paladar. Tenemos de todo desde unos deliciosos huevos rancheros por la ma\u00f1ana en el restaurant de los Yaquis hasta unos exquisitos Dogos en cualquier esquina de Ciudad Obreg\u00f3n. Platillos y comida Cajemense La etnia Yaqui, una de las m\u00e1s numerosas de M\u00e9xico, en aprovechamiento de los elementos naturales, hered\u00f3 el wakabaki, un caldo que constituye un platillo tradicional que se prepara en sus festividades m\u00e1s importantes. Sus ingredientes son: garbanzo, costilla de res, calabaza, papa, repollo, zanahoria y ejote. Su preparaci\u00f3n comienza con el corte de la le\u00f1a y el sacrificio de la res. Las tortillas de harina llegaron a Sonora tra\u00eddas por los espa\u00f1oles, mismos que durante la dominaci\u00f3n \u00e1rabe aprendieron muchas formas de aprovechar el trigo, estas tortillas se conocen tambi\u00e9n como &#8220;sobaqueras&#8221; debido a la forma de elaboraci\u00f3n. Plato t\u00edpico hecho a partir de mantarraya y camar\u00f3n, generalmente se prepara como caldo en el cual se agrega la carne de mantarraya, camarones y verduras. Se sirve el caldo en plato o se pueden preparar tacos de caguamanta, cuando se sirve el caldo solo se le llama &#8220;vichy&#8221;, en algunos lugares ese mismo caldo con camar\u00f3n es conocido como chucki. Su nombre deriva de la palabra caguama y mantarraya, originalmente este plato se preparaba de caguama pero a partir de la prohibici\u00f3n de la pesca de esta especie marina, se decidi\u00f3 sustituir la caguama por carne de mantarraya. Este platillo fue creado a finales del siglo XIX en Ciudad Obreg\u00f3n. El&nbsp;hotdog&nbsp;o &#8220;dogo&#8221; estilo Cajeme es una comida muy t\u00edpica de la regi\u00f3n, con combinaciones locales como por ejemplo con chile, tortilla de harina, salchicha para asar y diferentes tipos de salsa picante . El hotdog de obreg\u00f3n es \u00fanico que hasta el mas m\u00ednimo detalle como el agua con el hace el pan hace que sepa diferente. Este platillo es el claro ejemplo de lo exuberancia de mezclas que podemos llegar a crear y que en cuestiones de gastronom\u00eda el cajemense siempre es muy innovador. Galletas tradicionales del estado de Sonora. Estas son elaboradas con harina de trigo y rellenas de piloncillo. Las coyotas son similares al alfajor argentino, solo que estas son m\u00e1s delgadas y de di\u00e1metro mayor. En Obreg\u00f3n podr\u00e1 encontrar adem\u00e1s de las tradicionales hechas con piloncillo; coyotas de cajeta, leche con nuez, guayaba, chocolate, bavaria, fresa, pi\u00f1a, chabacano, zarzamora, mango y manzana. Tambi\u00e9n conocida como carne seca, es un tipo de carne deshidratada que se realiza de corte vacuno y durante temporada de venado se puede realizar de este animal tambi\u00e9n. El famoso Bacanora es una bebida espirituosa; se elabora en Sonora, M\u00e9xico. Es un mezcal hecho 100% del jugo de la cabeza de maguey asado, fermentado y destilado. Bebida alcoh\u00f3lica muy tradicional en Cajeme por su fuerte sabor. Restaurantes que debes visitar Restarunt de los Yaquis En este podr\u00e1s degustar platillos t\u00edpicos de la etnia yaqui y muy usuales en la gastronom\u00eda cajemense con un ambientaci\u00f3n a las costumbres y cultura de las tribus.<\/p>\n","protected":false},"author":2,"featured_media":2667,"parent":0,"menu_order":0,"comment_status":"closed","ping_status":"closed","template":"","meta":{"footnotes":""},"class_list":["post-2768","page","type-page","status-publish","has-post-thumbnail","hentry"],"_links":{"self":[{"href":"https:\/\/megustaobregon.com\/index.php\/wp-json\/wp\/v2\/pages\/2768","targetHints":{"allow":["GET"]}}],"collection":[{"href":"https:\/\/megustaobregon.com\/index.php\/wp-json\/wp\/v2\/pages"}],"about":[{"href":"https:\/\/megustaobregon.com\/index.php\/wp-json\/wp\/v2\/types\/page"}],"author":[{"embeddable":true,"href":"https:\/\/megustaobregon.com\/index.php\/wp-json\/wp\/v2\/users\/2"}],"replies":[{"embeddable":true,"href":"https:\/\/megustaobregon.com\/index.php\/wp-json\/wp\/v2\/comments?post=2768"}],"version-history":[{"count":4,"href":"https:\/\/megustaobregon.com\/index.php\/wp-json\/wp\/v2\/pages\/2768\/revisions"}],"predecessor-version":[{"id":2970,"href":"https:\/\/megustaobregon.com\/index.php\/wp-json\/wp\/v2\/pages\/2768\/revisions\/2970"}],"wp:featuredmedia":[{"embeddable":true,"href":"https:\/\/megustaobregon.com\/index.php\/wp-json\/wp\/v2\/media\/2667"}],"wp:attachment":[{"href":"https:\/\/megustaobregon.com\/index.php\/wp-json\/wp\/v2\/media?parent=2768"}],"curies":[{"name":"wp","href":"https:\/\/api.w.org\/{rel}","templated":true}]}}