{"id":2800,"date":"2023-03-03T19:23:55","date_gmt":"2023-03-03T19:23:55","guid":{"rendered":"https:\/\/megustaobregon.com\/?page_id=2800"},"modified":"2023-03-13T01:20:52","modified_gmt":"2023-03-13T01:20:52","slug":"estadio-de-los-yaquis","status":"publish","type":"page","link":"https:\/\/megustaobregon.com\/index.php\/estadio-de-los-yaquis\/","title":{"rendered":"Estadio de los Yaquis"},"content":{"rendered":"<p>Estadio Yaquis es un estadio de b\u00e9isbol localizado en Ciudad Obreg\u00f3n, Sonora. La casa de los Yaquis de Ciudad Obreg\u00f3n que cuenta con una\u00a0capacidad de 16,500 espectadores. ubicado en Calle Quintana Roo S\/N, El T\u00fanel Col. Villa California Municipal C.P 85219<\/p><p>El recinto esta avalado por la\u00a0MLB\u00a0y es uno de los complejos m\u00e1s modernos de Am\u00e9rica Latina.<\/p><div class=\"wp-block-image\"><figure class=\"alignleft size-full\"><img fetchpriority=\"high\" decoding=\"async\" width=\"248\" height=\"204\" src=\"https:\/\/megustaobregon.com\/wp-content\/uploads\/2023\/03\/image-16.png\" alt=\"\" class=\"wp-image-2953\"\/><\/figure><\/div><p>Fue inaugurado el 12 de octubre de 2016 por la gobernadora de Sonora,\u00a0Claudia Pavlovich Arellano<\/p>","protected":false},"excerpt":{"rendered":"<p>Estadio Yaquis es un estadio de b\u00e9isbol localizado en Ciudad Obreg\u00f3n, Sonora. La casa de los Yaquis de Ciudad Obreg\u00f3n que cuenta con una\u00a0capacidad de 16,500 espectadores. ubicado en Calle Quintana Roo S\/N, El T\u00fanel Col. Villa California Municipal C.P 85219 El recinto esta avalado por la\u00a0MLB\u00a0y es uno de los complejos m\u00e1s modernos de Am\u00e9rica Latina. Fue inaugurado el 12 de octubre de 2016 por la gobernadora de Sonora,\u00a0Claudia Pavlovich Arellano<\/p>\n","protected":false},"author":2,"featured_media":2951,"parent":0,"menu_order":0,"comment_status":"closed","ping_status":"closed","template":"","meta":{"footnotes":""},"class_list":["post-2800","page","type-page","status-publish","has-post-thumbnail","hentry"],"_links":{"self":[{"href":"https:\/\/megustaobregon.com\/index.php\/wp-json\/wp\/v2\/pages\/2800","targetHints":{"allow":["GET"]}}],"collection":[{"href":"https:\/\/megustaobregon.com\/index.php\/wp-json\/wp\/v2\/pages"}],"about":[{"href":"https:\/\/megustaobregon.com\/index.php\/wp-json\/wp\/v2\/types\/page"}],"author":[{"embeddable":true,"href":"https:\/\/megustaobregon.com\/index.php\/wp-json\/wp\/v2\/users\/2"}],"replies":[{"embeddable":true,"href":"https:\/\/megustaobregon.com\/index.php\/wp-json\/wp\/v2\/comments?post=2800"}],"version-history":[{"count":3,"href":"https:\/\/megustaobregon.com\/index.php\/wp-json\/wp\/v2\/pages\/2800\/revisions"}],"predecessor-version":[{"id":2954,"href":"https:\/\/megustaobregon.com\/index.php\/wp-json\/wp\/v2\/pages\/2800\/revisions\/2954"}],"wp:featuredmedia":[{"embeddable":true,"href":"https:\/\/megustaobregon.com\/index.php\/wp-json\/wp\/v2\/media\/2951"}],"wp:attachment":[{"href":"https:\/\/megustaobregon.com\/index.php\/wp-json\/wp\/v2\/media?parent=2800"}],"curies":[{"name":"wp","href":"https:\/\/api.w.org\/{rel}","templated":true}]}}