{"id":2813,"date":"2023-03-03T19:42:01","date_gmt":"2023-03-03T19:42:01","guid":{"rendered":"https:\/\/megustaobregon.com\/?page_id=2813"},"modified":"2023-03-08T20:11:08","modified_gmt":"2023-03-08T20:11:08","slug":"bienvenidos-a-ciudad-obregon","status":"publish","type":"page","link":"https:\/\/megustaobregon.com\/index.php\/bienvenidos-a-ciudad-obregon\/","title":{"rendered":"Bienvenidos a Ciudad Obreg\u00f3n!"},"content":{"rendered":"<p>Sean bienvenidos a Ciudad Obreg\u00f3n, Sonora. Tierra de gente trabajadora y orgullosamente Cajemense.<\/p><p>Ciudad Obreg\u00f3n es una de las ciudades m\u00e1s importantes del estado de Sonora, siendo la segunda&nbsp;ciudad m\u00e1s poblada&nbsp;de la entidad, por detr\u00e1s de&nbsp;Hermosillo, la capital estatal. Es tambi\u00e9n&nbsp;cabecera&nbsp;del&nbsp;municipio de Cajeme.<\/p><p>Mejor conocido como \u201cObreg\u00f3n\u201d como se le nombra coloquialmente tambi\u00e9n, somos un importante centro econ\u00f3mico del norte del pa\u00eds, con actividades como la agricultura, la industria y el turismo.<\/p><h2 class=\"wp-block-heading\">Un poco de historia<\/h2><p>Los or\u00edgenes de esta ciudad datan del a\u00f1o&nbsp;1906&nbsp;cuando la v\u00eda ferroviaria de la compa\u00f1\u00eda&nbsp;Ferrocarril Sud Pac\u00edfico&nbsp;lleg\u00f3 a esta zona del&nbsp;valle del yaqui; esta v\u00eda, posibilit\u00f3 su incorporaci\u00f3n con el valle del&nbsp;Mayo&nbsp;al mercado interno y externo, atrayendo una ola de inversionistas y colonos que hicieron surgir poblaciones.<\/p><p>En&nbsp;1907&nbsp;se estableci\u00f3 una estaci\u00f3n bandera para que la locomotora que cruzaba el estado se abasteciera de agua, a esta estaci\u00f3n se le llam\u00f3 Cajeme.&nbsp;Cajeme&nbsp;es el nombre de un l\u00edder&nbsp;yaqui&nbsp;(cuya poblaci\u00f3n habita en esta zona) que luch\u00f3 contra estos como parte del ej\u00e9rcito porfiriano; y que despu\u00e9s encabezar\u00eda la rebeli\u00f3n yaqui contra el mismo&nbsp;Porfirio D\u00edaz.<\/p><div class=\"wp-block-image\"><figure class=\"alignleft size-full\"><img fetchpriority=\"high\" decoding=\"async\" width=\"200\" height=\"319\" src=\"https:\/\/megustaobregon.com\/wp-content\/uploads\/2023\/03\/image-3.png\" alt=\"\" class=\"wp-image-2849\" srcset=\"https:\/\/megustaobregon.com\/wp-content\/uploads\/2023\/03\/image-3.png 200w, https:\/\/megustaobregon.com\/wp-content\/uploads\/2023\/03\/image-3-188x300.png 188w\" sizes=\"(max-width: 200px) 100vw, 200px\" \/><figcaption class=\"wp-element-caption\">Monumento a los Pioneros<\/figcaption><\/figure><\/div><p>&#8220;La estaci\u00f3n Cajeme estaba a cargo del estadounidense Bert Cameron, superintendente, y de Emilio Estrella, jefe de estaci\u00f3n. Ellos y sus familias fueron los primeros pobladores. Poco despu\u00e9s llegaron los vaqueros a cuidar los corrales del ganado que desde aqu\u00ed era enviado a otras regiones. Enseguida vinieron vecinos de&nbsp;Esperanza, cerca de los campos cultivados en el Valle&#8221;. Los yaquis ofrecieron resistencia ante la llegada de los primeros colonos a sus tierras. En 1927, el jefe de la estaci\u00f3n del Ferrocarril Sud-Pac\u00edfico de M\u00e9xico era Lauro Serv\u00edn de la Mora<\/p><p>El primer barrio fue llamado&nbsp;<em>Plano Oriente<\/em>. En&nbsp;1923&nbsp;se instala &#8216;Cajeme Motors&#8217; propiedad del estadounidense James Huffaker, fue la primera agencia de autom\u00f3viles; hecho que contribuy\u00f3 notablemente en el desarrollo de Cajeme. Al concluir su periodo como presidente del pa\u00eds (1920-1924), el General&nbsp;\u00c1lvaro Obreg\u00f3n&nbsp;regresa a Sonora y lleva a cabo proyectos empresariales en&nbsp;Navojoa&nbsp;y Cajeme, creando en 1925, la sociedad &#8216;Obreg\u00f3n y C\u00eda.&#8217;, que aport\u00f3 m\u00e1s trabajo y desarrollo econ\u00f3mico en la regi\u00f3n.<\/p><p>El&nbsp;29 de noviembre&nbsp;de&nbsp;1927&nbsp;fue declarada cabecera de municipio (hasta entonces hab\u00eda sido parte del de&nbsp;C\u00f3corit) por el gobernador&nbsp;Fausto Topete, y en&nbsp;1928&nbsp;a\u00f1o en que se instala el primer&nbsp;ayuntamiento, se decreta el&nbsp;28 de julio&nbsp;del mismo a\u00f1o el cambio de nombre por el de Ciudad Obreg\u00f3n en reconocimiento a&nbsp;\u00c1lvaro Obreg\u00f3n, mientras que el nombre del municipio se conserv\u00f3. Ese mismo a\u00f1o se instal\u00f3 la primera imprenta y fue donde se imprimi\u00f3 el primer semanario informativo llamado&nbsp;<em>La Gaceta del Pac\u00edfico<\/em>, propiedad del inmigrante&nbsp;lituano&nbsp;Leo Rosenfeld y su esposa Virginia G\u00e1mez.<\/p><h2 class=\"wp-block-heading\">Importante centro economico<\/h2><p><strong><em>Deportes<\/em><\/strong><\/p><p>Ciudad Obreg\u00f3n cuenta con m\u00faltiples obras de infraestructura dedicadas al deporte, entre los que destacan: el Gimnasio Municipal &#8220;Manuel Lira Garc\u00eda&#8221;, con una capacidad de 3000 espectadores. La&nbsp;Arena ITSON, con capacidad para 7,500 personas y el&nbsp;Nuevo Estadio Yaquis&nbsp;con capacidad para 16,500 personas. As\u00ed como peque\u00f1os estadios de b\u00e1squetbol y b\u00e9isbol dispersos en toda la ciudad, siendo estos dos deportes los m\u00e1s populares de la entidad. <\/p><figure class=\"wp-block-image size-large\"><img decoding=\"async\" width=\"1024\" height=\"538\" src=\"https:\/\/megustaobregon.com\/wp-content\/uploads\/2023\/03\/image-4-1024x538.png\" alt=\"\" class=\"wp-image-2850\" srcset=\"https:\/\/megustaobregon.com\/wp-content\/uploads\/2023\/03\/image-4-1024x538.png 1024w, https:\/\/megustaobregon.com\/wp-content\/uploads\/2023\/03\/image-4-300x158.png 300w, https:\/\/megustaobregon.com\/wp-content\/uploads\/2023\/03\/image-4-768x403.png 768w, https:\/\/megustaobregon.com\/wp-content\/uploads\/2023\/03\/image-4-600x315.png 600w, https:\/\/megustaobregon.com\/wp-content\/uploads\/2023\/03\/image-4.png 1200w\" sizes=\"(max-width: 1024px) 100vw, 1024px\" \/><figcaption class=\"wp-element-caption\">Estadio de los Yaqui de Ciudad Obregon Sonora<\/figcaption><\/figure><p>Ciudad Obreg\u00f3n cuenta con los siguientes equipos deportivos:<\/p><ul class=\"wp-block-list\"><li>Yaquis de Ciudad Obreg\u00f3n: Equipo de b\u00e9isbol de la&nbsp;Liga Mexicana del Pac\u00edfico.<\/li>\n\n<li>Halcones de Ciudad Obreg\u00f3n: Equipo de b\u00e1squetbol del&nbsp;CIBACOPA.<\/li>\n\n<li>OBSON Dynamo F.C.: Equipo de f\u00fatbol de la&nbsp;Tercera Divisi\u00f3n de M\u00e9xico.<\/li><\/ul><p>El f\u00fatbol tambi\u00e9n tiene aceptaci\u00f3n, el estadio &#8220;Manuel &#8216;Piri&#8217; Sagasta&#8221;, es el recinto m\u00e1s importante para su pr\u00e1ctica con una capacidad aproximada de 4000 espectadores, aunque el deporte no es tan popular en la ciudad, se mantiene como una pr\u00e1ctica recreativa por la facilidad del desarrollo del juego. Junto al estadio de f\u00fatbol se encuentra el deportivo &#8220;N\u00e1inari 2000&#8221;, un \u00e1rea para la pr\u00e1ctica de diferentes deportes.<\/p><p>La disciplina marcial m\u00e1s popular en Ciudad Obreg\u00f3n es el&nbsp;TaeKwonDo&nbsp;que es practicado por muchos j\u00f3venes en el municipio de Cajeme, que cuenta con m\u00faltiples medallistas en competencias oficiales, a nivel nacional e internacional. Los Potros del ITSON han obtenido 3 campeonatos nacionales universitarios en&nbsp;M\u00e9xico.\u200b<\/p><p><strong><em>Educacion<\/em><\/strong><\/p><p>Ciudad Obreg\u00f3n cuenta con m\u00faltiples instituciones de educaci\u00f3n superior, y cuenta con la concentraci\u00f3n m\u00e1s importante de estas en el sur de Sonora. La instituci\u00f3n m\u00e1s importante es el&nbsp;Instituto Tecnol\u00f3gico de Sonora&nbsp;(ITSON) que cuenta con una matr\u00edcula de aproximadamente diecisiete mil alumnos, veintitr\u00e9s licenciaturas, y cuyo Campus principal se encuentra en la ciudad. Ciudad Obreg\u00f3n cuenta con los elementos necesarios para ofrecer a la poblaci\u00f3n todos los niveles acad\u00e9micos.<a href=\"https:\/\/es.wikipedia.org\/wiki\/Archivo:UnisonCajeme.jpg\"><\/a><\/p><p><a href=\"https:\/\/es.wikipedia.org\/wiki\/Archivo:UnisonCajeme.jpg\"><\/a>Universidad de Sonora Campus Cajeme, Departamento de Ciencias de la Salud. <\/p><div class=\"wp-block-image\"><figure class=\"alignright size-full\"><img decoding=\"async\" width=\"296\" height=\"197\" src=\"https:\/\/megustaobregon.com\/wp-content\/uploads\/2023\/03\/image-2.png\" alt=\"\" class=\"wp-image-2848\"\/><figcaption class=\"wp-element-caption\">Universidad de Sonora<\/figcaption><\/figure><\/div><p>En la ciudad tambi\u00e9n se encuentra un importante campus de la&nbsp;Universidad de Sonora, del&nbsp;Instituto Tecnol\u00f3gico y de Estudios Superiores de Monterrey&nbsp;(ITESM), la Universidad La Salle (ULSA), la&nbsp;Universidad del Valle de M\u00e9xico&nbsp;(UVM), la Escuela Normal Estatal de Especializaci\u00f3n (ENEE), el Instituto Tecnol\u00f3gico Superior de Cajeme (ITESCA), la Universidad Tecnol\u00f3gica del Sur de Sonora (UTS), entre otros.\u200b<\/p><p>De estas previamente mencionadas, destacan:<\/p><ul class=\"wp-block-list\"><li>La Universidad La Salle ubicada en Ciudad Obreg\u00f3n lleva 25 a\u00f1os funcionando. Es privada, con inspiraci\u00f3n cristiana. Cuenta con 21 licenciaturas y 15 posgrados en este campus.\u200b<\/li>\n\n<li>El Instituto Superior de Cajeme fue fundado en 1997. Es una universidad p\u00fablica, descentralizada. Cuenta con nueve licenciaturas y 17 especialidades.\u200b<\/li>\n\n<li>El&nbsp;Instituto Tecnol\u00f3gico de Monterrey&nbsp;cuenta con 20 licenciaturas y 20 maestr\u00edas.\u200b<\/li>\n\n<li>La&nbsp;Universidad Tecmilenio&nbsp;lleva 15 a\u00f1os desde su fundaci\u00f3n. Cuenta con 15 licenciaturas y siete maestr\u00edas.<\/li><\/ul><p><strong><em>Servicios m\u00e9dicos<\/em><\/strong><\/p><p>Ciudad Obreg\u00f3n destaca entre las ciudades de Sonora y del noroeste de M\u00e9xico por sus avanzados servicios de salud, contando con modernos hospitales, cl\u00ednicas p\u00fablicas y privadas, y con servicios especializados. Por su importancia y equipamiento destaca el Centro M\u00e9dico Nacional del Noroeste del&nbsp;Instituto Mexicano del Seguro Social&nbsp;(IMSS).<\/p><p>Ciudad Obreg\u00f3n adem\u00e1s de distinguirse por ser la sede del IMSS en el Noroeste, esta ciudad cuenta con grandes instituciones de medicina privada y prestigiados especialistas. La historia institucional de la medicina en Cajeme tiene su antecedente m\u00e1s brillante en la construcci\u00f3n del Hospital Municipal que desde 1942.\u200b<\/p><div class=\"wp-block-image\"><figure class=\"alignleft size-full\"><img loading=\"lazy\" decoding=\"async\" width=\"360\" height=\"360\" src=\"https:\/\/megustaobregon.com\/wp-content\/uploads\/2023\/03\/image-5.png\" alt=\"\" class=\"wp-image-2851\" srcset=\"https:\/\/megustaobregon.com\/wp-content\/uploads\/2023\/03\/image-5.png 360w, https:\/\/megustaobregon.com\/wp-content\/uploads\/2023\/03\/image-5-300x300.png 300w, https:\/\/megustaobregon.com\/wp-content\/uploads\/2023\/03\/image-5-150x150.png 150w, https:\/\/megustaobregon.com\/wp-content\/uploads\/2023\/03\/image-5-100x100.png 100w\" sizes=\"(max-width: 360px) 100vw, 360px\" \/><figcaption class=\"wp-element-caption\">Unidad Media de Alta Especialidad<\/figcaption><\/figure><\/div><p>En Obreg\u00f3n el 77,3&nbsp;% de la poblaci\u00f3n tiene acceso a alg\u00fan tipo de derechohabiencia. De toda la poblaci\u00f3n del municipio, 56,6&nbsp;% tiene acceso al IMSS, 10,6&nbsp;% al Seguro Popular, 9,1&nbsp;% al ISSSTE, y 3,1&nbsp;% cuenta con otro tipo de seguridad m\u00e9dica.<\/p><p>En total esta ciudad cuenta con 26 hospitales, privados y generales, entre los cuales los m\u00e1s reconocidos son:<\/p><ul class=\"wp-block-list\"><li>Cl\u00ednica San Jos\u00e9.&nbsp; Cl\u00ednica de especialidades con m\u00e1s de 25 a\u00f1os de experiencia. &nbsp;Cuenta con las especialidades de: alerg\u00f3logo, cirujano onc\u00f3logo, dentistas, genetistas, pediatras, proct\u00f3logos entre otros m\u00e9dicos, que hacen consultas, diagn\u00f3sticos, operaciones, entre otras cosas &nbsp;.\u200b<\/li>\n\n<li>Maternidad San Gerardo. Lleva 26 a\u00f1os desde su inauguraci\u00f3n, es el \u00fanico hospital de la regi\u00f3n exclusivo para mujeres con las especialidades en ginecolog\u00eda y obstetricia.\u200b<\/li>\n\n<li>Hospital del ni\u00f1o y la mujer. Cuenta con \u00e1rea de urgencias, pediatr\u00eda, hospitalizaci\u00f3n, \u00e1rea quir\u00fargica, cirug\u00eda ambulatoria, neonatolog\u00eda, servicios generales y \u00e1rea administrativa, en una superficie total de 24 mil metros cuadrados.\u200b<\/li><\/ul><p>El 8 de marzo de 2018 se inaugur\u00f3 el primer banco de leche humana en sonora, gracias a la inversi\u00f3n de 9 millones 280 mil pesos por parte de la Comisi\u00f3n Federal de Electricidad y la asociaci\u00f3n civil Grameen Noroeste.\u200b<\/p><p>Este es un centro especializado donde se promociona el apoyo a la recolecci\u00f3n, almacenamiento y procesamiento de la lactancia, para su distribuci\u00f3n certificada y monitoreada a reci\u00e9n nacidos.<\/p><p><em><strong>Gobierno y economia <\/strong><\/em><\/p><p>En Ciudad Obreg\u00f3n yace la sede del gobierno municipal de Cajeme. El ejercicio gubernamental recae en el presidente Municipal y su gabinete, elegidos cada tres a\u00f1os.<\/p><p>De los veinti\u00fan&nbsp;distritos electorales estatales de Sonora, tres corresponden a la ciudad. El municipio de Cajeme cuenta con un distrito electoral federal propio, el&nbsp;VI Distrito Electoral Federal de Sonora&nbsp;de la&nbsp;C\u00e1mara de Diputados&nbsp;del&nbsp;Congreso de la Uni\u00f3n de M\u00e9xico. <\/p><div class=\"wp-block-image\"><figure class=\"alignright size-full\"><img loading=\"lazy\" decoding=\"async\" width=\"275\" height=\"183\" src=\"https:\/\/megustaobregon.com\/wp-content\/uploads\/2023\/03\/image-7.png\" alt=\"\" class=\"wp-image-2855\"\/><figcaption class=\"wp-element-caption\">Palacio Municipaol de Cajeme<\/figcaption><\/figure><\/div><p>Las principales actividades econ\u00f3micas en la entidad son la industria maquiladora, la agricultura, la ganader\u00eda, la&nbsp;acuicultura&nbsp;y el comercio. Sin embargo, las tierras f\u00e9rtiles del municipio favorecen a la agricultura y a los servicios derivados de esta, como sus proveedores y su transporte. El desarrollo inmobiliario y de construcci\u00f3n tambi\u00e9n ha tenido un auge importante en la ciudad que por su fundaci\u00f3n relativamente reciente, ha podido ser planeada con amplias avenidas y un desarrollo urbano moderno con respecto a otras ciudades sonorenses. <\/p><p>De acuerdo con el censo nacional elaborado por el&nbsp;INEGI, la poblaci\u00f3n econ\u00f3micamente activa (PEA) en el a\u00f1o 2010 corresponde al 54,1% de los habitantes del municipio de los cuales el 95% tienen una ocupaci\u00f3n.\u200b<\/p><p><\/p>","protected":false},"excerpt":{"rendered":"<p>Sean bienvenidos a Ciudad Obreg\u00f3n, Sonora. Tierra de gente trabajadora y orgullosamente Cajemense. Ciudad Obreg\u00f3n es una de las ciudades m\u00e1s importantes del estado de Sonora, siendo la segunda&nbsp;ciudad m\u00e1s poblada&nbsp;de la entidad, por detr\u00e1s de&nbsp;Hermosillo, la capital estatal. Es tambi\u00e9n&nbsp;cabecera&nbsp;del&nbsp;municipio de Cajeme. Mejor conocido como \u201cObreg\u00f3n\u201d como se le nombra coloquialmente tambi\u00e9n, somos un importante centro econ\u00f3mico del norte del pa\u00eds, con actividades como la agricultura, la industria y el turismo. Un poco de historia Los or\u00edgenes de esta ciudad datan del a\u00f1o&nbsp;1906&nbsp;cuando la v\u00eda ferroviaria de la compa\u00f1\u00eda&nbsp;Ferrocarril Sud Pac\u00edfico&nbsp;lleg\u00f3 a esta zona del&nbsp;valle del yaqui; esta v\u00eda, posibilit\u00f3 su incorporaci\u00f3n con el valle del&nbsp;Mayo&nbsp;al mercado interno y externo, atrayendo una ola de inversionistas y colonos que hicieron surgir poblaciones. En&nbsp;1907&nbsp;se estableci\u00f3 una estaci\u00f3n bandera para que la locomotora que cruzaba el estado se abasteciera de agua, a esta estaci\u00f3n se le llam\u00f3 Cajeme.&nbsp;Cajeme&nbsp;es el nombre de un l\u00edder&nbsp;yaqui&nbsp;(cuya poblaci\u00f3n habita en esta zona) que luch\u00f3 contra estos como parte del ej\u00e9rcito porfiriano; y que despu\u00e9s encabezar\u00eda la rebeli\u00f3n yaqui contra el mismo&nbsp;Porfirio D\u00edaz. &#8220;La estaci\u00f3n Cajeme estaba a cargo del estadounidense Bert Cameron, superintendente, y de Emilio Estrella, jefe de estaci\u00f3n. Ellos y sus familias fueron los primeros pobladores. Poco despu\u00e9s llegaron los vaqueros a cuidar los corrales del ganado que desde aqu\u00ed era enviado a otras regiones. Enseguida vinieron vecinos de&nbsp;Esperanza, cerca de los campos cultivados en el Valle&#8221;. Los yaquis ofrecieron resistencia ante la llegada de los primeros colonos a sus tierras. En 1927, el jefe de la estaci\u00f3n del Ferrocarril Sud-Pac\u00edfico de M\u00e9xico era Lauro Serv\u00edn de la Mora El primer barrio fue llamado&nbsp;Plano Oriente. En&nbsp;1923&nbsp;se instala &#8216;Cajeme Motors&#8217; propiedad del estadounidense James Huffaker, fue la primera agencia de autom\u00f3viles; hecho que contribuy\u00f3 notablemente en el desarrollo de Cajeme. Al concluir su periodo como presidente del pa\u00eds (1920-1924), el General&nbsp;\u00c1lvaro Obreg\u00f3n&nbsp;regresa a Sonora y lleva a cabo proyectos empresariales en&nbsp;Navojoa&nbsp;y Cajeme, creando en 1925, la sociedad &#8216;Obreg\u00f3n y C\u00eda.&#8217;, que aport\u00f3 m\u00e1s trabajo y desarrollo econ\u00f3mico en la regi\u00f3n. El&nbsp;29 de noviembre&nbsp;de&nbsp;1927&nbsp;fue declarada cabecera de municipio (hasta entonces hab\u00eda sido parte del de&nbsp;C\u00f3corit) por el gobernador&nbsp;Fausto Topete, y en&nbsp;1928&nbsp;a\u00f1o en que se instala el primer&nbsp;ayuntamiento, se decreta el&nbsp;28 de julio&nbsp;del mismo a\u00f1o el cambio de nombre por el de Ciudad Obreg\u00f3n en reconocimiento a&nbsp;\u00c1lvaro Obreg\u00f3n, mientras que el nombre del municipio se conserv\u00f3. Ese mismo a\u00f1o se instal\u00f3 la primera imprenta y fue donde se imprimi\u00f3 el primer semanario informativo llamado&nbsp;La Gaceta del Pac\u00edfico, propiedad del inmigrante&nbsp;lituano&nbsp;Leo Rosenfeld y su esposa Virginia G\u00e1mez. Importante centro economico Deportes Ciudad Obreg\u00f3n cuenta con m\u00faltiples obras de infraestructura dedicadas al deporte, entre los que destacan: el Gimnasio Municipal &#8220;Manuel Lira Garc\u00eda&#8221;, con una capacidad de 3000 espectadores. La&nbsp;Arena ITSON, con capacidad para 7,500 personas y el&nbsp;Nuevo Estadio Yaquis&nbsp;con capacidad para 16,500 personas. As\u00ed como peque\u00f1os estadios de b\u00e1squetbol y b\u00e9isbol dispersos en toda la ciudad, siendo estos dos deportes los m\u00e1s populares de la entidad. Ciudad Obreg\u00f3n cuenta con los siguientes equipos deportivos: El f\u00fatbol tambi\u00e9n tiene aceptaci\u00f3n, el estadio &#8220;Manuel &#8216;Piri&#8217; Sagasta&#8221;, es el recinto m\u00e1s importante para su pr\u00e1ctica con una capacidad aproximada de 4000 espectadores, aunque el deporte no es tan popular en la ciudad, se mantiene como una pr\u00e1ctica recreativa por la facilidad del desarrollo del juego. Junto al estadio de f\u00fatbol se encuentra el deportivo &#8220;N\u00e1inari 2000&#8221;, un \u00e1rea para la pr\u00e1ctica de diferentes deportes. La disciplina marcial m\u00e1s popular en Ciudad Obreg\u00f3n es el&nbsp;TaeKwonDo&nbsp;que es practicado por muchos j\u00f3venes en el municipio de Cajeme, que cuenta con m\u00faltiples medallistas en competencias oficiales, a nivel nacional e internacional. Los Potros del ITSON han obtenido 3 campeonatos nacionales universitarios en&nbsp;M\u00e9xico.\u200b Educacion Ciudad Obreg\u00f3n cuenta con m\u00faltiples instituciones de educaci\u00f3n superior, y cuenta con la concentraci\u00f3n m\u00e1s importante de estas en el sur de Sonora. La instituci\u00f3n m\u00e1s importante es el&nbsp;Instituto Tecnol\u00f3gico de Sonora&nbsp;(ITSON) que cuenta con una matr\u00edcula de aproximadamente diecisiete mil alumnos, veintitr\u00e9s licenciaturas, y cuyo Campus principal se encuentra en la ciudad. Ciudad Obreg\u00f3n cuenta con los elementos necesarios para ofrecer a la poblaci\u00f3n todos los niveles acad\u00e9micos. Universidad de Sonora Campus Cajeme, Departamento de Ciencias de la Salud. En la ciudad tambi\u00e9n se encuentra un importante campus de la&nbsp;Universidad de Sonora, del&nbsp;Instituto Tecnol\u00f3gico y de Estudios Superiores de Monterrey&nbsp;(ITESM), la Universidad La Salle (ULSA), la&nbsp;Universidad del Valle de M\u00e9xico&nbsp;(UVM), la Escuela Normal Estatal de Especializaci\u00f3n (ENEE), el Instituto Tecnol\u00f3gico Superior de Cajeme (ITESCA), la Universidad Tecnol\u00f3gica del Sur de Sonora (UTS), entre otros.\u200b De estas previamente mencionadas, destacan: Servicios m\u00e9dicos Ciudad Obreg\u00f3n destaca entre las ciudades de Sonora y del noroeste de M\u00e9xico por sus avanzados servicios de salud, contando con modernos hospitales, cl\u00ednicas p\u00fablicas y privadas, y con servicios especializados. Por su importancia y equipamiento destaca el Centro M\u00e9dico Nacional del Noroeste del&nbsp;Instituto Mexicano del Seguro Social&nbsp;(IMSS). Ciudad Obreg\u00f3n adem\u00e1s de distinguirse por ser la sede del IMSS en el Noroeste, esta ciudad cuenta con grandes instituciones de medicina privada y prestigiados especialistas. La historia institucional de la medicina en Cajeme tiene su antecedente m\u00e1s brillante en la construcci\u00f3n del Hospital Municipal que desde 1942.\u200b En Obreg\u00f3n el 77,3&nbsp;% de la poblaci\u00f3n tiene acceso a alg\u00fan tipo de derechohabiencia. De toda la poblaci\u00f3n del municipio, 56,6&nbsp;% tiene acceso al IMSS, 10,6&nbsp;% al Seguro Popular, 9,1&nbsp;% al ISSSTE, y 3,1&nbsp;% cuenta con otro tipo de seguridad m\u00e9dica. En total esta ciudad cuenta con 26 hospitales, privados y generales, entre los cuales los m\u00e1s reconocidos son: El 8 de marzo de 2018 se inaugur\u00f3 el primer banco de leche humana en sonora, gracias a la inversi\u00f3n de 9 millones 280 mil pesos por parte de la Comisi\u00f3n Federal de Electricidad y la asociaci\u00f3n civil Grameen Noroeste.\u200b Este es un centro especializado donde se promociona el apoyo a la recolecci\u00f3n, almacenamiento y procesamiento de la lactancia, para su distribuci\u00f3n certificada y monitoreada a reci\u00e9n nacidos. Gobierno y economia En Ciudad Obreg\u00f3n yace la sede del gobierno municipal de Cajeme. El ejercicio gubernamental recae en el presidente Municipal y su gabinete, elegidos<\/p>\n","protected":false},"author":2,"featured_media":2814,"parent":0,"menu_order":0,"comment_status":"closed","ping_status":"closed","template":"","meta":{"footnotes":""},"class_list":["post-2813","page","type-page","status-publish","has-post-thumbnail","hentry"],"_links":{"self":[{"href":"https:\/\/megustaobregon.com\/index.php\/wp-json\/wp\/v2\/pages\/2813","targetHints":{"allow":["GET"]}}],"collection":[{"href":"https:\/\/megustaobregon.com\/index.php\/wp-json\/wp\/v2\/pages"}],"about":[{"href":"https:\/\/megustaobregon.com\/index.php\/wp-json\/wp\/v2\/types\/page"}],"author":[{"embeddable":true,"href":"https:\/\/megustaobregon.com\/index.php\/wp-json\/wp\/v2\/users\/2"}],"replies":[{"embeddable":true,"href":"https:\/\/megustaobregon.com\/index.php\/wp-json\/wp\/v2\/comments?post=2813"}],"version-history":[{"count":6,"href":"https:\/\/megustaobregon.com\/index.php\/wp-json\/wp\/v2\/pages\/2813\/revisions"}],"predecessor-version":[{"id":2865,"href":"https:\/\/megustaobregon.com\/index.php\/wp-json\/wp\/v2\/pages\/2813\/revisions\/2865"}],"wp:featuredmedia":[{"embeddable":true,"href":"https:\/\/megustaobregon.com\/index.php\/wp-json\/wp\/v2\/media\/2814"}],"wp:attachment":[{"href":"https:\/\/megustaobregon.com\/index.php\/wp-json\/wp\/v2\/media?parent=2813"}],"curies":[{"name":"wp","href":"https:\/\/api.w.org\/{rel}","templated":true}]}}