{"id":2838,"date":"2023-03-08T06:55:45","date_gmt":"2023-03-08T06:55:45","guid":{"rendered":"https:\/\/megustaobregon.com\/?page_id=2838"},"modified":"2023-03-08T20:51:59","modified_gmt":"2023-03-08T20:51:59","slug":"el-coyote","status":"publish","type":"page","link":"https:\/\/megustaobregon.com\/index.php\/el-coyote\/","title":{"rendered":"El Coyote"},"content":{"rendered":"<p>En Ciudad Obreg\u00f3n, Sonora, se encuentra el balneario El Coyote, dedicado a la diversion familiar con \u00e1reas de recreacion, un arroyo natural rodeado de vegetaci\u00f3n, albercas, toboganes para ni\u00f1os y adultos, palapas y un excelente servicio.<\/p><h3 class=\"wp-block-heading\">Horario*<\/h3><p>Lunes a domingo de 09:00 a 18:30.<\/p><p>*Albercas abiertas del 1 de marzo al 31 de octubre.<\/p><h3 class=\"wp-block-heading\">Tarifas<\/h3><p>Entrada general: $60<\/p><h3 class=\"wp-block-heading\">Contacto<\/h3><p>Tel\u00e9fono: 044(644) 138 0418 \/ 01(644) 161 0104<\/p><p>Correo:&nbsp;<a href=\"mailto:ayadirar@hotmail.com\">ayadirar@hotmail.com<\/a><\/p><p>Sitio web:&nbsp;<a href=\"http:\/\/balnearioelcoyote.com\/\">www.balnearioelcoyote.com<\/a><\/p><p>Facebook:&nbsp;<a href=\"https:\/\/www.facebook.com\/Balneario-El-Coyote-108968609175684\/\">www.facebook.com\/Balneario-El-Coyote<\/a><\/p><h3 class=\"wp-block-heading\">Ubicaci\u00f3n<\/h3><p>Carretera Esperanza &#8211; Hornos km 14.5, Los Hornos, Cd. Obreg\u00f3n, Sonora<\/p>","protected":false},"excerpt":{"rendered":"<p>En Ciudad Obreg\u00f3n, Sonora, se encuentra el balneario El Coyote, dedicado a la diversion familiar con \u00e1reas de recreacion, un arroyo natural rodeado de vegetaci\u00f3n, albercas, toboganes para ni\u00f1os y adultos, palapas y un excelente servicio. Horario* Lunes a domingo de 09:00 a 18:30. *Albercas abiertas del 1 de marzo al 31 de octubre. Tarifas Entrada general: $60 Contacto Tel\u00e9fono: 044(644) 138 0418 \/ 01(644) 161 0104 Correo:&nbsp;ayadirar@hotmail.com Sitio web:&nbsp;www.balnearioelcoyote.com Facebook:&nbsp;www.facebook.com\/Balneario-El-Coyote Ubicaci\u00f3n Carretera Esperanza &#8211; Hornos km 14.5, Los Hornos, Cd. Obreg\u00f3n, Sonora<\/p>\n","protected":false},"author":2,"featured_media":2887,"parent":0,"menu_order":0,"comment_status":"closed","ping_status":"closed","template":"","meta":{"footnotes":""},"class_list":["post-2838","page","type-page","status-publish","has-post-thumbnail","hentry"],"_links":{"self":[{"href":"https:\/\/megustaobregon.com\/index.php\/wp-json\/wp\/v2\/pages\/2838","targetHints":{"allow":["GET"]}}],"collection":[{"href":"https:\/\/megustaobregon.com\/index.php\/wp-json\/wp\/v2\/pages"}],"about":[{"href":"https:\/\/megustaobregon.com\/index.php\/wp-json\/wp\/v2\/types\/page"}],"author":[{"embeddable":true,"href":"https:\/\/megustaobregon.com\/index.php\/wp-json\/wp\/v2\/users\/2"}],"replies":[{"embeddable":true,"href":"https:\/\/megustaobregon.com\/index.php\/wp-json\/wp\/v2\/comments?post=2838"}],"version-history":[{"count":2,"href":"https:\/\/megustaobregon.com\/index.php\/wp-json\/wp\/v2\/pages\/2838\/revisions"}],"predecessor-version":[{"id":2888,"href":"https:\/\/megustaobregon.com\/index.php\/wp-json\/wp\/v2\/pages\/2838\/revisions\/2888"}],"wp:featuredmedia":[{"embeddable":true,"href":"https:\/\/megustaobregon.com\/index.php\/wp-json\/wp\/v2\/media\/2887"}],"wp:attachment":[{"href":"https:\/\/megustaobregon.com\/index.php\/wp-json\/wp\/v2\/media?parent=2838"}],"curies":[{"name":"wp","href":"https:\/\/api.w.org\/{rel}","templated":true}]}}